{"id":5757,"date":"2019-11-18T09:30:29","date_gmt":"2019-11-18T09:30:29","guid":{"rendered":"https:\/\/transorfilter.se\/?post_type=product&#038;p=5757"},"modified":"2023-02-03T10:49:01","modified_gmt":"2023-02-03T10:49:01","slug":"fv9c-gashantering-gasatervinning-sf6","status":"publish","type":"product","link":"https:\/\/transorfilter.se\/sv\/produkt\/fv9c-gashantering-gasatervinning-sf6\/","title":{"rendered":"FV9C 9m3\/h Gas\u00e5tervinning"},"content":{"rendered":"<p>Utrustning FV9C f\u00f6r gashantering och gas\u00e5tervinning av SF6 gas \u00e4r en automatisk gashanteringsutrustning.<\/p>\n<p>FV9C \u00e4r konstruerad med godk\u00e4nda och v\u00e4lbepr\u00f6vade komponenter f\u00f6r SF6 gas. L\u00e4ckfria kopplingar och komponenter i FV9C f\u00f6r gashantering och gas\u00e5tervinning av SF6 anv\u00e4nds f\u00f6r att f\u00f6rhindra utsl\u00e4pp av SF6 gas. Maskinen levereras provk\u00f6rd, l\u00e4ckagetestad och CE-godk\u00e4nd med anv\u00e4ndarv\u00e4nlig manual\/dokumentation f\u00f6r s\u00e4ker hantering.<\/p>\n<p><strong>Standardutrustning<\/strong><\/p>\n<p>FV9C gasutrustning levereras komplett med n\u00f6dv\u00e4ndig utrustning f\u00f6r anv\u00e4ndning. Samtliga tillbeh\u00f6r som medf\u00f6ljer FV9C kan f\u00f6rvaras i en f\u00f6rvaringsl\u00e5da i chassit vid transport:<\/p>\n<ul style=\"list-style-type: disc;\">\n<li>Slangsats f\u00f6r SF6<\/li>\n<li>Slangsats f\u00f6r luft<\/li>\n<li>Kopplingsstycke<\/li>\n<li>Manual<\/li>\n<\/ul>\n<p><strong>Chassi<\/strong><\/p>\n<p>Stommen \u00e4r ett svetsat och m\u00e5lat st\u00e5lchassi (RAL 5003, M\u00f6rkbl\u00e5) d\u00e4r maskinens komponenter sitter monterade. T\u00e4ckpl\u00e5tar monteras runt kompressorn f\u00f6r att skydda utrustningen och underl\u00e4tta luftkylningen. Chassit \u00e4r designat med truckfickor f\u00f6r transport.<\/p>\n<p><strong>Program<\/strong><\/p>\n<p>F\u00f6rprogrammerade program f\u00f6r evakuering, fyllning, tryckutj\u00e4mning och filterregenerering. PLC, styrda ventiler och tryckgivare i systemet \u00f6vervakar och styr programk\u00f6rningarna. N\u00e4r valt program \u00e4r k\u00f6rt stannar maskinen automatiskt eller stoppas vid behov av operat\u00f6ren.<\/p>\n<p><strong>Kontrollpanel<\/strong><\/p>\n<p>Anv\u00e4ndarv\u00e4nlig 7&#8243; HMI panel f\u00f6r automatisk k\u00f6rning och \u00f6vervakning. Fl\u00f6desschema f\u00f6r b\u00e4ttre f\u00f6rst\u00e5else av processen samt n\u00f6dstopp \/ reset-knapp p\u00e5 framsidan av utrustningen. Manometrar f\u00f6r avl\u00e4sning av tryck f\u00f6r olika delar i fl\u00f6det. Vakuumv\u00e4rde under processen visas i HMI displayen.<\/p>\n<p><strong>Oljefri SF6 kompressor och SF6 vakuumpump<\/strong><\/p>\n<p>Oljefri kompressor och vakuumpump anv\u00e4nds f\u00f6r att pumpa SF6-gas. 1 st kompressor med kapacitet p\u00e5 9 m\u00b3\/h och maxtryck p\u00e5 51 bar(abs). Uppn\u00e5s maxtryck st\u00e4ngs maskinen av automatiskt. Torr vakuumpump med kapacitet p\u00e5 6,8 m\u00b3\/h och 0,02 mbar slutvakuum.<\/p>\n<p><strong>SF6-filter<\/strong><\/p>\n<p>Egenutvecklade SF6-filter som filtrerar bort partiklar, renar anv\u00e4nd SF6-gas fr\u00e5n kemiska restprodukter samt plockar bort fukt ur gasen. Filtrering av partiklar ner till 1 \u00b5m via rostfri filterpatron som kan \u00e5teranv\u00e4ndas. Kemikaliefilter torkas ur och regenereras med hj\u00e4lp av monterat v\u00e4rmeelement i kombination med vakuumpump.<\/p>\n<p><strong>Luftvakuumpump<\/strong><\/p>\n<p>Oljesmord vakuumpump avsedd f\u00f6r evakuering av luft. Kapacitet p\u00e5 16 m\u00b3\/h och 0,5 mbar slutvakuum. Pumpen \u00e4r fast monterad i chassit vid anv\u00e4ndning. Anv\u00e4nds t.ex. efter service d\u00e5 objekt \u00e4r luftfyllt och m\u00e5ste evakueras innan \u00e5terfyllning av SF6-gas.<\/p>\n<p><strong>Kopplingsstycke<\/strong><\/p>\n<p>Kopplingsstycke f\u00f6r inkoppling mot elektrisk brytare. I standardutf\u00f6rande med ABB\/ASEA-koppling. Anslutning f\u00f6r extra manometer. Anslutning f\u00f6r extern gasflaska som g\u00f6r att kopplingsstycket \u00e4ven kan anv\u00e4ndas vid \u00e5terfyllning av brytare.<\/p>\n<p><strong>Kopplingar\/slangar<\/strong><\/p>\n<p>Levereras med komplett SF6-slangsats med DN8\/DN20-kopplingar. Separat luftslang med DN20 koppling, f\u00f6r koppling mellan kopplingstycke och luftvakuumpump. Samtliga slangar \u00e4r armerade med rostfri st\u00e5lwirefl\u00e4ta med innerslang av PTFE.<\/p>\n<p><strong><span style=\"font-size: 12pt;\">Tillval\/alternativ<\/span><\/strong><\/p>\n<ul style=\"list-style-type: disc;\">\n<li>SF6 adapter kit &#8211; Anpassning av fyllutrustning med standardkopplingar f\u00f6r st\u00e4llverk och brytare (DN6, DN7, DN8, DN20, Hansen, Magrini, Malmkvist (Malmquist), Westinghouse etc.)<\/li>\n<li>Materialval &#8211; De flesta komponenter\/kopplingar finns att tillg\u00e5 i flera material (t.ex. rostfritt st\u00e5l, m\u00e4ssing, aluminium).<\/li>\n<li>Packningar och t\u00e4tningsmaterial &#8211; V\u00e4ljs med noggrannhet utifr\u00e5n kravspecifikation.<\/li>\n<li>M\u00e4tutrustning &#8211; M\u00e4tinstrument och anslutningar f\u00f6r fast installation\/extern inkoppling (densitetsvakt SF6, vakuuminstrument, manometer vakuum, manometer h\u00f6gtryck, kopplingar f\u00f6r m\u00e4tutrustning etc.)<\/li>\n<li>Gasregulator &#8211; Gasregulatorer anpassade enligt gastyp, tryck \u00a0och fl\u00f6de med koppling mot gasflaska. (N2 regulator, h\u00f6gfl\u00f6desregulatorer, regulatorer f\u00f6r alternativ gas, gasflaskanslutning enligt amerikansk-, engelsk-, kinesisk standard.)<\/li>\n<li>Slangar &#8211; Stort utbud av slangstorlekar och slangtyper. Specialslang enligt kund\u00f6nskem\u00e5l (dimension, l\u00e4ngd, tryck, skyddsh\u00f6lje, armering, kopplingstyp etc.).<\/li>\n<li>Filtertyp &#8211; Olika typer av gasfilter f\u00f6r att rena gas p\u00e5 partiklar, fukt och restprodukter. Storlek anpassas efter behov och fl\u00f6de (partikelfilter, SF6-filter etc.).<\/li>\n<li>Process\u00f6vervakning via router\/sms\/GSM. Med denna teknik kan man i realtid avl\u00e4sa m\u00e4tv\u00e4rden, justera driftsfunktioner,\u00a0f\u00e5 eventuella driftslarm och g\u00f6ra fels\u00f6kningar.<\/li>\n<li>Elkabel 3x400V, 50Hz, med 16A handske. Valbar l\u00e4ngd.<\/li>\n<\/ul>\n<p>&nbsp;<\/p>\n<div class=\"vc_btn3-container vc_btn3-center vc_custom_1566813013139\" ><a style=\"background-color:#003374; color:#ffffff;\" class=\"vc_general vc_btn3 vc_btn3-size-md vc_btn3-shape-square vc_btn3-style-custom\" href=\"http:\/\/transorfilter.se\/wp-content\/uploads\/2023\/01\/Portable-equipment-for-SF6-gas-FV9C-Oil-free-Transorfilter-Sweden-EN.pdf\" title=\"Ladda ner PDF\" target=\"_blank\">Produktfolder (PDF)<\/a><\/div>\n","protected":false},"excerpt":{"rendered":"<p>FV9C \u00e4r en PLC-styrd automatisk utrustning f\u00f6r filtrering och \u00e5tervinning av SF6-gas fr\u00e5n gasisolerade elektriska brytare. Gasen filtreras och pumpas, fr\u00e5n ett gasfyllt objekt, till en standardgasflaska som kopplas till utrustningen. Evakuering av gas till 1 mbar. Utrustningen anv\u00e4nds \u00e4ven f\u00f6r \u00e5terfyllning av filtrerad\/ny gas via inbyggd gasregulator.<\/p>\n<p>Via en 7&#8243; HMI display kan operat\u00f6ren enkelt v\u00e4lja mellan ett antal f\u00f6rprogrammerade program f\u00f6r enkel gashantering. Inga manuella ventiler eller tryckknappar beh\u00f6ver justeras under normal drift vilket g\u00f6r handhavandet enkelt f\u00f6r operat\u00f6ren.<\/p>\n<p>Utrustningen \u00e4r byggd p\u00e5 ett chassi med gaffelfickor med inkoppling av slangar p\u00e5 framsidan och inkoppling av elkabel p\u00e5 baksidan. Konstruktionen \u00e4r framtagen f\u00f6r att vara s\u00e5 ergonomisk som m\u00f6jlig f\u00f6r operat\u00f6ren.<\/p>\n<p><em><strong>SF6-evakuering<\/strong><\/em><br \/>\nSlang kopplas mellan FV9C utrustning och gasfyllt objekt via medf\u00f6ljande kopplingsstycke. Evakuering av SF6 sker med hj\u00e4lp av oljefri kompressor med en kapacitet p\u00e5 max 9 m\u00b3\/h och en torr vakuumpump, ner till 1 mbar. Lagring av evakuerad gas sker i kunds gasflaska med ett lagringstryck p\u00e5 max 51 bar(abs).<\/p>\n<p><em><strong>Luftevakuering<\/strong><\/em><br \/>\nSlang avsedd f\u00f6r luft kopplas till objekt via medf\u00f6ljande kopplingsstycke. Luftvakuumpump med kapacitet p\u00e5 16 m\u00b3\/h anv\u00e4nds f\u00f6r att t\u00f6mma objekt p\u00e5 luft, ner till ett slutvakuum p\u00e5 1 mbar.<\/p>\n<p><em><strong>SF6-fyllning<\/strong><\/em><br \/>\nFyllning g\u00f6rs enklast med sj\u00e4lvtryck fr\u00e5n gasflaska, men FV9C \u00e4r \u00e4ven utrustad med en inbyggd SF6 gasregulator som kan anv\u00e4ndas. Inga slangar beh\u00f6ver d\u00e5 kopplas om f\u00f6r fyllning. Om j\u00e4mvikt i tryck mellan objekt och flaska uppst\u00e5r, kan FV9C anv\u00e4ndas f\u00f6r att pumpa gas fr\u00e5n flaska till objekt. Gasflaskan kan d\u00e5 t\u00f6mmas ner till 1 mbar.<\/p>\n<p>&nbsp;<\/p>\n","protected":false},"featured_media":6138,"template":"","meta":[],"product_cat":[91],"product_tag":[],"class_list":["post-5757","product","type-product","status-publish","has-post-thumbnail","hentry","product_cat-gashantering"],"yoast_head":"<!-- This site is optimized with the Yoast SEO plugin v20.9 - https:\/\/yoast.com\/wordpress\/plugins\/seo\/ -->\n<title>Gashantering SF6 - FV9C 9m3\/h Gas\u00e5tervinning - Transorfilter Sweden<\/title>\n<meta name=\"description\" content=\"FV9C utrustning f\u00f6r gashantering, gas\u00e5tervinning av SF6 gas. Portabel gas\u00e5tervinningsutrustning f\u00f6r SF6 gas. Evakuering av SF6 gas ner till 1 mbar.\" \/>\n<meta name=\"robots\" content=\"index, follow, max-snippet:-1, max-image-preview:large, max-video-preview:-1\" \/>\n<link rel=\"canonical\" href=\"https:\/\/transorfilter.se\/sv\/produkt\/fv9c-gashantering-gasatervinning-sf6\/\" \/>\n<meta property=\"og:locale\" content=\"sv_SE\" \/>\n<meta property=\"og:type\" content=\"article\" \/>\n<meta property=\"og:title\" content=\"Gashantering SF6 - FV9C 9m3\/h Gas\u00e5tervinning - Transorfilter Sweden\" \/>\n<meta property=\"og:description\" content=\"FV9C utrustning f\u00f6r gashantering, gas\u00e5tervinning av SF6 gas. Portabel gas\u00e5tervinningsutrustning f\u00f6r SF6 gas. Evakuering av SF6 gas ner till 1 mbar.\" \/>\n<meta property=\"og:url\" content=\"https:\/\/transorfilter.se\/sv\/produkt\/fv9c-gashantering-gasatervinning-sf6\/\" \/>\n<meta property=\"og:site_name\" content=\"Transorfilter Sweden\" \/>\n<meta property=\"article:modified_time\" content=\"2023-02-03T10:49:01+00:00\" \/>\n<meta property=\"og:image\" content=\"https:\/\/transorfilter.se\/wp-content\/uploads\/2023\/01\/FV9C-front-800x600-Transorfilter-Sweden.jpg\" \/>\n\t<meta property=\"og:image:width\" content=\"800\" \/>\n\t<meta property=\"og:image:height\" content=\"600\" \/>\n\t<meta property=\"og:image:type\" content=\"image\/jpeg\" \/>\n<meta name=\"twitter:card\" content=\"summary_large_image\" \/>\n<meta name=\"twitter:label1\" content=\"Ber\u00e4knad l\u00e4stid\" \/>\n\t<meta name=\"twitter:data1\" content=\"3 minuter\" \/>\n<script type=\"application\/ld+json\" class=\"yoast-schema-graph\">{\"@context\":\"https:\/\/schema.org\",\"@graph\":[{\"@type\":\"WebPage\",\"@id\":\"https:\/\/transorfilter.se\/produkt\/fv9c-gashantering-gasatervinning-sf6\/\",\"url\":\"https:\/\/transorfilter.se\/produkt\/fv9c-gashantering-gasatervinning-sf6\/\",\"name\":\"Gashantering SF6 - FV9C 9m3\/h Gas\u00e5tervinning - Transorfilter Sweden\",\"isPartOf\":{\"@id\":\"https:\/\/transorfilter.se\/sv\/#website\"},\"datePublished\":\"2019-11-18T09:30:29+00:00\",\"dateModified\":\"2023-02-03T10:49:01+00:00\",\"description\":\"FV9C utrustning f\u00f6r gashantering, gas\u00e5tervinning av SF6 gas. Portabel gas\u00e5tervinningsutrustning f\u00f6r SF6 gas. Evakuering av SF6 gas ner till 1 mbar.\",\"breadcrumb\":{\"@id\":\"https:\/\/transorfilter.se\/produkt\/fv9c-gashantering-gasatervinning-sf6\/#breadcrumb\"},\"inLanguage\":\"sv-SE\",\"potentialAction\":[{\"@type\":\"ReadAction\",\"target\":[\"https:\/\/transorfilter.se\/produkt\/fv9c-gashantering-gasatervinning-sf6\/\"]}]},{\"@type\":\"BreadcrumbList\",\"@id\":\"https:\/\/transorfilter.se\/produkt\/fv9c-gashantering-gasatervinning-sf6\/#breadcrumb\",\"itemListElement\":[{\"@type\":\"ListItem\",\"position\":1,\"name\":\"Home\",\"item\":\"https:\/\/transorfilter.se\/\"},{\"@type\":\"ListItem\",\"position\":2,\"name\":\"Lagersortiment\",\"item\":\"https:\/\/transorfilter.se\/lagersortiment\/\"},{\"@type\":\"ListItem\",\"position\":3,\"name\":\"FV9C 9m3\/h Gas\u00e5tervinning\"}]},{\"@type\":\"WebSite\",\"@id\":\"https:\/\/transorfilter.se\/sv\/#website\",\"url\":\"https:\/\/transorfilter.se\/sv\/\",\"name\":\"Transorfilter Sweden\",\"description\":\"Filtreringsteknik och Gashantering\",\"potentialAction\":[{\"@type\":\"SearchAction\",\"target\":{\"@type\":\"EntryPoint\",\"urlTemplate\":\"https:\/\/transorfilter.se\/sv\/?s={search_term_string}\"},\"query-input\":\"required name=search_term_string\"}],\"inLanguage\":\"sv-SE\"}]}<\/script>\n<!-- \/ Yoast SEO plugin. -->","yoast_head_json":{"title":"Gashantering SF6 - FV9C 9m3\/h Gas\u00e5tervinning - Transorfilter Sweden","description":"FV9C utrustning f\u00f6r gashantering, gas\u00e5tervinning av SF6 gas. Portabel gas\u00e5tervinningsutrustning f\u00f6r SF6 gas. Evakuering av SF6 gas ner till 1 mbar.","robots":{"index":"index","follow":"follow","max-snippet":"max-snippet:-1","max-image-preview":"max-image-preview:large","max-video-preview":"max-video-preview:-1"},"canonical":"https:\/\/transorfilter.se\/sv\/produkt\/fv9c-gashantering-gasatervinning-sf6\/","og_locale":"sv_SE","og_type":"article","og_title":"Gashantering SF6 - FV9C 9m3\/h Gas\u00e5tervinning - Transorfilter Sweden","og_description":"FV9C utrustning f\u00f6r gashantering, gas\u00e5tervinning av SF6 gas. Portabel gas\u00e5tervinningsutrustning f\u00f6r SF6 gas. Evakuering av SF6 gas ner till 1 mbar.","og_url":"https:\/\/transorfilter.se\/sv\/produkt\/fv9c-gashantering-gasatervinning-sf6\/","og_site_name":"Transorfilter Sweden","article_modified_time":"2023-02-03T10:49:01+00:00","og_image":[{"width":800,"height":600,"url":"https:\/\/transorfilter.se\/wp-content\/uploads\/2023\/01\/FV9C-front-800x600-Transorfilter-Sweden.jpg","type":"image\/jpeg"}],"twitter_card":"summary_large_image","twitter_misc":{"Ber\u00e4knad l\u00e4stid":"3 minuter"},"schema":{"@context":"https:\/\/schema.org","@graph":[{"@type":"WebPage","@id":"https:\/\/transorfilter.se\/produkt\/fv9c-gashantering-gasatervinning-sf6\/","url":"https:\/\/transorfilter.se\/produkt\/fv9c-gashantering-gasatervinning-sf6\/","name":"Gashantering SF6 - FV9C 9m3\/h Gas\u00e5tervinning - Transorfilter Sweden","isPartOf":{"@id":"https:\/\/transorfilter.se\/sv\/#website"},"datePublished":"2019-11-18T09:30:29+00:00","dateModified":"2023-02-03T10:49:01+00:00","description":"FV9C utrustning f\u00f6r gashantering, gas\u00e5tervinning av SF6 gas. Portabel gas\u00e5tervinningsutrustning f\u00f6r SF6 gas. Evakuering av SF6 gas ner till 1 mbar.","breadcrumb":{"@id":"https:\/\/transorfilter.se\/produkt\/fv9c-gashantering-gasatervinning-sf6\/#breadcrumb"},"inLanguage":"sv-SE","potentialAction":[{"@type":"ReadAction","target":["https:\/\/transorfilter.se\/produkt\/fv9c-gashantering-gasatervinning-sf6\/"]}]},{"@type":"BreadcrumbList","@id":"https:\/\/transorfilter.se\/produkt\/fv9c-gashantering-gasatervinning-sf6\/#breadcrumb","itemListElement":[{"@type":"ListItem","position":1,"name":"Home","item":"https:\/\/transorfilter.se\/"},{"@type":"ListItem","position":2,"name":"Lagersortiment","item":"https:\/\/transorfilter.se\/lagersortiment\/"},{"@type":"ListItem","position":3,"name":"FV9C 9m3\/h Gas\u00e5tervinning"}]},{"@type":"WebSite","@id":"https:\/\/transorfilter.se\/sv\/#website","url":"https:\/\/transorfilter.se\/sv\/","name":"Transorfilter Sweden","description":"Filtreringsteknik och Gashantering","potentialAction":[{"@type":"SearchAction","target":{"@type":"EntryPoint","urlTemplate":"https:\/\/transorfilter.se\/sv\/?s={search_term_string}"},"query-input":"required name=search_term_string"}],"inLanguage":"sv-SE"}]}},"_links":{"self":[{"href":"https:\/\/transorfilter.se\/sv\/wp-json\/wp\/v2\/product\/5757","targetHints":{"allow":["GET"]}}],"collection":[{"href":"https:\/\/transorfilter.se\/sv\/wp-json\/wp\/v2\/product"}],"about":[{"href":"https:\/\/transorfilter.se\/sv\/wp-json\/wp\/v2\/types\/product"}],"wp:featuredmedia":[{"embeddable":true,"href":"https:\/\/transorfilter.se\/sv\/wp-json\/wp\/v2\/media\/6138"}],"wp:attachment":[{"href":"https:\/\/transorfilter.se\/sv\/wp-json\/wp\/v2\/media?parent=5757"}],"wp:term":[{"taxonomy":"product_cat","embeddable":true,"href":"https:\/\/transorfilter.se\/sv\/wp-json\/wp\/v2\/product_cat?post=5757"},{"taxonomy":"product_tag","embeddable":true,"href":"https:\/\/transorfilter.se\/sv\/wp-json\/wp\/v2\/product_tag?post=5757"}],"curies":[{"name":"wp","href":"https:\/\/api.w.org\/{rel}","templated":true}]}}