{"id":1015,"date":"2015-09-17T04:43:00","date_gmt":"2015-09-17T04:43:00","guid":{"rendered":"http:\/\/wp-royal.com\/cufo\/gludio\/?page_id=987"},"modified":"2023-06-16T07:05:10","modified_gmt":"2023-06-16T07:05:10","slug":"kvalite-miljo","status":"publish","type":"page","link":"https:\/\/transorfilter.se\/en\/quality-environment\/","title":{"rendered":"Quality &amp; Environment"},"content":{"rendered":"<div class=\"vc_row wpb_row vc_row-fluid vc_custom_1566818895098 vc_row-has-fill\"><div class=\"wpb_column vc_column_container vc_col-sm-4\"><div class=\"vc_column-inner\"><div class=\"wpb_wrapper\"><div id=\"ultimate-heading-447569e24122b1802\" class=\"uvc-heading ult-adjust-bottom-margin ultimate-heading-447569e24122b1802 uvc-3664\" data-hspacer=\"no_spacer\"  data-halign=\"left\" style=\"text-align:left\"><div class=\"uvc-heading-spacer no_spacer\" style=\"top\"><\/div><div class=\"uvc-sub-heading ult-responsive\"  data-ultimate-target='.uvc-heading.ultimate-heading-447569e24122b1802 .uvc-sub-heading '  data-responsive-json-new='{\"font-size\":\"desktop:12px;\",\"line-height\":\"desktop:20px;\"}'  style=\"font-family:&#039;Lato&#039;;font-weight:700;color:#003374;\"><span style=\"font-size: 18pt;\">QUALITY POLICY<\/span><\/div><\/div><div id=\"ultimate-heading-432069e24122b187b\" class=\"uvc-heading ult-adjust-bottom-margin ultimate-heading-432069e24122b187b uvc-2678\" data-hspacer=\"no_spacer\"  data-halign=\"left\" style=\"text-align:left\"><div class=\"uvc-heading-spacer no_spacer\" style=\"top\"><\/div><div class=\"uvc-main-heading ult-responsive\"  data-ultimate-target='.uvc-heading.ultimate-heading-432069e24122b187b h3'  data-responsive-json-new='{\"font-size\":\"\",\"line-height\":\"\"}' ><h3 style=\"font-family:&#039;Lato&#039;;font-weight:normal;font-style:normal;color:#3a3a3a;\">Transorfilter Sweden<\/h3><\/div><div class=\"uvc-sub-heading ult-responsive\"  data-ultimate-target='.uvc-heading.ultimate-heading-432069e24122b187b .uvc-sub-heading '  data-responsive-json-new='{\"font-size\":\"desktop:14px;\",\"line-height\":\"desktop:25px;\"}'  style=\"font-family:&#039;Lato&#039;;font-weight:normal;color:#7A7A7A;\">With a high level of preparedness for the delivery of customised products and an appropriate range of standard products, we shall be the natural partner for our customers.<\/p>\n<p>With a high level of availability, modern technology and a wide range of products, we shall satisfy customer needs both quickly and cost-effectively.<\/p>\n<p>We shall keep up to date with applicable laws and regulations and ensure that we supply products that meet the requirements of the market.<\/p>\n<p>By constantly challenging our working practices, we shall constantly improve these so that we can be a cost-effective choice for the customer.<\/div><\/div><div class=\"ult-spacer spacer-69e24122b18c9\" data-id=\"69e24122b18c9\" data-height=\"10\" data-height-mobile=\"10\" data-height-tab=\"10\" data-height-tab-portrait=\"10\" data-height-mobile-landscape=\"10\" style=\"clear:both;display:block;\"><\/div><\/div><\/div><\/div><div class=\"wpb_column vc_column_container vc_col-sm-4\"><div class=\"vc_column-inner\"><div class=\"wpb_wrapper\">\n\t<div  class=\"wpb_single_image wpb_content_element vc_align_center\">\n\t\t\n\t\t<figure class=\"wpb_wrapper vc_figure\">\n\t\t\t<a href=\"https:\/\/transorfilter.se\/wp-content\/uploads\/2023\/06\/Certificate-No-2004-ISO-9001-and-14001-Transorfilter-Sweden.pdf\" target=\"_blank\" class=\"vc_single_image-wrapper   vc_box_border_grey\"><img loading=\"lazy\" decoding=\"async\" width=\"1000\" height=\"1000\" src=\"https:\/\/transorfilter.se\/wp-content\/uploads\/2023\/06\/Certificate-No-2004-ISO-9001-and-14001-Transorfilter-Sweden.jpg\" class=\"vc_single_image-img attachment-full\" alt=\"\" title=\"Certificate No 2004 ISO 9001 and 14001 Transorfilter Sweden\" srcset=\"https:\/\/transorfilter.se\/wp-content\/uploads\/2023\/06\/Certificate-No-2004-ISO-9001-and-14001-Transorfilter-Sweden.jpg 1000w, https:\/\/transorfilter.se\/wp-content\/uploads\/2023\/06\/Certificate-No-2004-ISO-9001-and-14001-Transorfilter-Sweden-300x300.jpg 300w, https:\/\/transorfilter.se\/wp-content\/uploads\/2023\/06\/Certificate-No-2004-ISO-9001-and-14001-Transorfilter-Sweden-150x150.jpg 150w, https:\/\/transorfilter.se\/wp-content\/uploads\/2023\/06\/Certificate-No-2004-ISO-9001-and-14001-Transorfilter-Sweden-768x768.jpg 768w, https:\/\/transorfilter.se\/wp-content\/uploads\/2023\/06\/Certificate-No-2004-ISO-9001-and-14001-Transorfilter-Sweden-12x12.jpg 12w, https:\/\/transorfilter.se\/wp-content\/uploads\/2023\/06\/Certificate-No-2004-ISO-9001-and-14001-Transorfilter-Sweden-350x350.jpg 350w, https:\/\/transorfilter.se\/wp-content\/uploads\/2023\/06\/Certificate-No-2004-ISO-9001-and-14001-Transorfilter-Sweden-500x500.jpg 500w, https:\/\/transorfilter.se\/wp-content\/uploads\/2023\/06\/Certificate-No-2004-ISO-9001-and-14001-Transorfilter-Sweden-100x100.jpg 100w\" sizes=\"auto, (max-width: 1000px) 100vw, 1000px\" \/><\/a>\n\t\t<\/figure>\n\t<\/div>\n<div class=\"ult-spacer spacer-69e24122b32ac\" data-id=\"69e24122b32ac\" data-height=\"25\" data-height-mobile=\"25\" data-height-tab=\"25\" data-height-tab-portrait=\"25\" data-height-mobile-landscape=\"25\" style=\"clear:both;display:block;\"><\/div><\/div><\/div><\/div><div class=\"wpb_column vc_column_container vc_col-sm-4\"><div class=\"vc_column-inner\"><div class=\"wpb_wrapper\"><div id=\"ultimate-heading-148069e24122b3584\" class=\"uvc-heading ult-adjust-bottom-margin ultimate-heading-148069e24122b3584 uvc-3925\" data-hspacer=\"no_spacer\"  data-halign=\"left\" style=\"text-align:left\"><div class=\"uvc-heading-spacer no_spacer\" style=\"top\"><\/div><div class=\"uvc-sub-heading ult-responsive\"  data-ultimate-target='.uvc-heading.ultimate-heading-148069e24122b3584 .uvc-sub-heading '  data-responsive-json-new='{\"font-size\":\"desktop:12px;\",\"line-height\":\"desktop:20px;\"}'  style=\"font-family:&#039;Lato&#039;;font-weight:700;color:#003374;\"><span style=\"font-size: 18pt;\">ENVIRONMENTAL POLICY<\/span><\/div><\/div><div id=\"ultimate-heading-396669e24122b3609\" class=\"uvc-heading ult-adjust-bottom-margin ultimate-heading-396669e24122b3609 uvc-9384\" data-hspacer=\"no_spacer\"  data-halign=\"left\" style=\"text-align:left\"><div class=\"uvc-heading-spacer no_spacer\" style=\"top\"><\/div><div class=\"uvc-main-heading ult-responsive\"  data-ultimate-target='.uvc-heading.ultimate-heading-396669e24122b3609 h3'  data-responsive-json-new='{\"font-size\":\"\",\"line-height\":\"\"}' ><h3 style=\"font-family:&#039;Lato&#039;;font-weight:normal;color:#3a3a3a;\">Transorfilter Sweden<\/h3><\/div><div class=\"uvc-sub-heading ult-responsive\"  data-ultimate-target='.uvc-heading.ultimate-heading-396669e24122b3609 .uvc-sub-heading '  data-responsive-json-new='{\"font-size\":\"desktop:14px;\",\"line-height\":\"desktop:25px;\"}'  style=\"font-family:&#039;Lato&#039;;font-weight:normal;color:#7A7A7A;\">Transorfilter Sweden shall minimise its impact on the environment as far as this is ecologically justified and makes technical and economic sense.<\/p>\n<p>We shall take account of environmental aspects when carrying out risk assessments of major customer projects.<\/p>\n<p>We shall work towards prevention and strive for continuous improvements.<\/p>\n<p>We shall comply with applicable laws and other customer requirements which affect us.<\/p>\n<p>Our environmental objectives shall be followed up at appropriate times and the results shall be reported in the management review.<\/p>\n<p>Our staff shall receive training on environmental management systems and be aware of this environmental policy.<\/div><\/div><\/div><\/div><\/div><\/div>","protected":false},"excerpt":{"rendered":"KVALITETSPOLICYSvenska Transorfilter ABGenom en h\u00f6g beredskap f\u00f6r leverans av och kundanpassade produkter och ett v\u00e4l anpassat sortiment av standardprodukter skall vi vara den naturliga partnern f\u00f6r kunden. Vi skall genom h\u00f6g tillg\u00e4nglighet, modern teknik och ett brett produktprogram snabbt och kostnadseffektivt tillgodose kundernas behov. Vi ska h\u00e5lla oss informerade om lagar och f\u00f6rordningar och se [...]","protected":false},"author":1,"featured_media":0,"parent":0,"menu_order":0,"comment_status":"closed","ping_status":"closed","template":"","meta":{"footnotes":""},"class_list":["post-1015","page","type-page","status-publish","hentry"],"yoast_head":"<!-- This site is optimized with the Yoast SEO plugin v20.9 - https:\/\/yoast.com\/wordpress\/plugins\/seo\/ -->\n<title>Kvalite &amp; Milj\u00f6 - Transorfilter Sweden - ISO 9001, ISO14001<\/title>\n<meta name=\"description\" content=\"Vi \u00e4r certifierade enligt b\u00e5de ISO9001 och ISO14001. Genom ett v\u00e4l anpassat sortiment och fokus p\u00e5 milj\u00f6 \u00e4r vi den naturliga partnern f\u00f6r v\u00e5ra kunder.\" \/>\n<meta name=\"robots\" content=\"index, follow, max-snippet:-1, max-image-preview:large, max-video-preview:-1\" \/>\n<link rel=\"canonical\" href=\"https:\/\/transorfilter.se\/en\/quality-environment\/\" \/>\n<meta property=\"og:locale\" content=\"en_GB\" \/>\n<meta property=\"og:type\" content=\"article\" \/>\n<meta property=\"og:title\" content=\"Kvalite &amp; Milj\u00f6 - Transorfilter Sweden - ISO 9001, ISO14001\" \/>\n<meta property=\"og:description\" content=\"Vi \u00e4r certifierade enligt b\u00e5de ISO9001 och ISO14001. Genom ett v\u00e4l anpassat sortiment och fokus p\u00e5 milj\u00f6 \u00e4r vi den naturliga partnern f\u00f6r v\u00e5ra kunder.\" \/>\n<meta property=\"og:url\" content=\"https:\/\/transorfilter.se\/en\/quality-environment\/\" \/>\n<meta property=\"og:site_name\" content=\"Transorfilter Sweden\" \/>\n<meta property=\"article:modified_time\" content=\"2023-06-16T07:05:10+00:00\" \/>\n<meta name=\"twitter:card\" content=\"summary_large_image\" \/>\n<meta name=\"twitter:label1\" content=\"Estimated reading time\" \/>\n\t<meta name=\"twitter:data1\" content=\"2 minutes\" \/>\n<script type=\"application\/ld+json\" class=\"yoast-schema-graph\">{\"@context\":\"https:\/\/schema.org\",\"@graph\":[{\"@type\":\"WebPage\",\"@id\":\"https:\/\/transorfilter.se\/kvalite-miljo\/\",\"url\":\"https:\/\/transorfilter.se\/kvalite-miljo\/\",\"name\":\"Kvalite & Milj\u00f6 - Transorfilter Sweden - ISO 9001, ISO14001\",\"isPartOf\":{\"@id\":\"https:\/\/transorfilter.se\/sv\/#website\"},\"datePublished\":\"2015-09-17T04:43:00+00:00\",\"dateModified\":\"2023-06-16T07:05:10+00:00\",\"description\":\"Vi \u00e4r certifierade enligt b\u00e5de ISO9001 och ISO14001. Genom ett v\u00e4l anpassat sortiment och fokus p\u00e5 milj\u00f6 \u00e4r vi den naturliga partnern f\u00f6r v\u00e5ra kunder.\",\"breadcrumb\":{\"@id\":\"https:\/\/transorfilter.se\/kvalite-miljo\/#breadcrumb\"},\"inLanguage\":\"en-GB\",\"potentialAction\":[{\"@type\":\"ReadAction\",\"target\":[\"https:\/\/transorfilter.se\/kvalite-miljo\/\"]}]},{\"@type\":\"BreadcrumbList\",\"@id\":\"https:\/\/transorfilter.se\/kvalite-miljo\/#breadcrumb\",\"itemListElement\":[{\"@type\":\"ListItem\",\"position\":1,\"name\":\"Home\",\"item\":\"https:\/\/transorfilter.se\/\"},{\"@type\":\"ListItem\",\"position\":2,\"name\":\"Kvalite &#038; Milj\u00f6\"}]},{\"@type\":\"WebSite\",\"@id\":\"https:\/\/transorfilter.se\/sv\/#website\",\"url\":\"https:\/\/transorfilter.se\/sv\/\",\"name\":\"Transorfilter Sweden\",\"description\":\"Filtreringsteknik och Gashantering\",\"potentialAction\":[{\"@type\":\"SearchAction\",\"target\":{\"@type\":\"EntryPoint\",\"urlTemplate\":\"https:\/\/transorfilter.se\/sv\/?s={search_term_string}\"},\"query-input\":\"required name=search_term_string\"}],\"inLanguage\":\"en-GB\"}]}<\/script>\n<!-- \/ Yoast SEO plugin. -->","yoast_head_json":{"title":"Kvalite & Milj\u00f6 - Transorfilter Sweden - ISO 9001, ISO14001","description":"Vi \u00e4r certifierade enligt b\u00e5de ISO9001 och ISO14001. Genom ett v\u00e4l anpassat sortiment och fokus p\u00e5 milj\u00f6 \u00e4r vi den naturliga partnern f\u00f6r v\u00e5ra kunder.","robots":{"index":"index","follow":"follow","max-snippet":"max-snippet:-1","max-image-preview":"max-image-preview:large","max-video-preview":"max-video-preview:-1"},"canonical":"https:\/\/transorfilter.se\/en\/quality-environment\/","og_locale":"en_GB","og_type":"article","og_title":"Kvalite & Milj\u00f6 - Transorfilter Sweden - ISO 9001, ISO14001","og_description":"Vi \u00e4r certifierade enligt b\u00e5de ISO9001 och ISO14001. Genom ett v\u00e4l anpassat sortiment och fokus p\u00e5 milj\u00f6 \u00e4r vi den naturliga partnern f\u00f6r v\u00e5ra kunder.","og_url":"https:\/\/transorfilter.se\/en\/quality-environment\/","og_site_name":"Transorfilter Sweden","article_modified_time":"2023-06-16T07:05:10+00:00","twitter_card":"summary_large_image","twitter_misc":{"Estimated reading time":"2 minutes"},"schema":{"@context":"https:\/\/schema.org","@graph":[{"@type":"WebPage","@id":"https:\/\/transorfilter.se\/kvalite-miljo\/","url":"https:\/\/transorfilter.se\/kvalite-miljo\/","name":"Kvalite & Milj\u00f6 - Transorfilter Sweden - ISO 9001, ISO14001","isPartOf":{"@id":"https:\/\/transorfilter.se\/sv\/#website"},"datePublished":"2015-09-17T04:43:00+00:00","dateModified":"2023-06-16T07:05:10+00:00","description":"Vi \u00e4r certifierade enligt b\u00e5de ISO9001 och ISO14001. Genom ett v\u00e4l anpassat sortiment och fokus p\u00e5 milj\u00f6 \u00e4r vi den naturliga partnern f\u00f6r v\u00e5ra kunder.","breadcrumb":{"@id":"https:\/\/transorfilter.se\/kvalite-miljo\/#breadcrumb"},"inLanguage":"en-GB","potentialAction":[{"@type":"ReadAction","target":["https:\/\/transorfilter.se\/kvalite-miljo\/"]}]},{"@type":"BreadcrumbList","@id":"https:\/\/transorfilter.se\/kvalite-miljo\/#breadcrumb","itemListElement":[{"@type":"ListItem","position":1,"name":"Home","item":"https:\/\/transorfilter.se\/"},{"@type":"ListItem","position":2,"name":"Kvalite &#038; Milj\u00f6"}]},{"@type":"WebSite","@id":"https:\/\/transorfilter.se\/sv\/#website","url":"https:\/\/transorfilter.se\/sv\/","name":"Transorfilter Sweden","description":"Filtreringsteknik och Gashantering","potentialAction":[{"@type":"SearchAction","target":{"@type":"EntryPoint","urlTemplate":"https:\/\/transorfilter.se\/sv\/?s={search_term_string}"},"query-input":"required name=search_term_string"}],"inLanguage":"en-GB"}]}},"_links":{"self":[{"href":"https:\/\/transorfilter.se\/en\/wp-json\/wp\/v2\/pages\/1015","targetHints":{"allow":["GET"]}}],"collection":[{"href":"https:\/\/transorfilter.se\/en\/wp-json\/wp\/v2\/pages"}],"about":[{"href":"https:\/\/transorfilter.se\/en\/wp-json\/wp\/v2\/types\/page"}],"author":[{"embeddable":true,"href":"https:\/\/transorfilter.se\/en\/wp-json\/wp\/v2\/users\/1"}],"replies":[{"embeddable":true,"href":"https:\/\/transorfilter.se\/en\/wp-json\/wp\/v2\/comments?post=1015"}],"version-history":[{"count":43,"href":"https:\/\/transorfilter.se\/en\/wp-json\/wp\/v2\/pages\/1015\/revisions"}],"predecessor-version":[{"id":6219,"href":"https:\/\/transorfilter.se\/en\/wp-json\/wp\/v2\/pages\/1015\/revisions\/6219"}],"wp:attachment":[{"href":"https:\/\/transorfilter.se\/en\/wp-json\/wp\/v2\/media?parent=1015"}],"curies":[{"name":"wp","href":"https:\/\/api.w.org\/{rel}","templated":true}]}}